{"id":2063,"date":"2023-04-05T22:17:42","date_gmt":"2023-04-05T20:17:42","guid":{"rendered":"https:\/\/www.focusart.fr\/?page_id=2063"},"modified":"2023-05-16T15:21:40","modified_gmt":"2023-05-16T13:21:40","slug":"prestations","status":"publish","type":"page","link":"https:\/\/www.focusart.fr\/?page_id=2063","title":{"rendered":"Mes prestations"},"content":{"rendered":"\n<p>Tr\u00e8s \u00e0 l&rsquo;\u00e9coute, je m&rsquo;adapte \u00e0 vos envies en vous proposant mes services en tant que photographe dans les domaines comme le portrait, l&rsquo;\u00e9v\u00e9nementiel, le pack shot ou la reproduction d\u2019\u0153uvres d&rsquo;art.<\/p>\n\n\n\n<p>Plut\u00f4t qu&rsquo;un long discours, voici quelques exemples<\/p>\n\n\n\n<p class=\"has-text-align-center\"><strong>Portraits en ext\u00e9rieur<\/strong><\/p>\n\n\n\n<figure class=\"wp-block-gallery has-nested-images columns-default is-cropped wp-block-gallery-1 is-layout-flex wp-block-gallery-is-layout-flex\">\n<figure class=\"wp-block-image size-large\"><img loading=\"lazy\" decoding=\"async\" width=\"683\" height=\"1024\" data-attachment-id=\"2143\" data-permalink=\"https:\/\/www.focusart.fr\/?attachment_id=2143\" data-orig-file=\"https:\/\/www.focusart.fr\/wp-content\/uploads\/2023\/05\/MontaineRomain-2535-scaled.jpg\" data-orig-size=\"1707,2560\" data-comments-opened=\"1\" data-image-meta=\"{&quot;aperture&quot;:&quot;0&quot;,&quot;credit&quot;:&quot;&quot;,&quot;camera&quot;:&quot;&quot;,&quot;caption&quot;:&quot;&quot;,&quot;created_timestamp&quot;:&quot;0&quot;,&quot;copyright&quot;:&quot;&quot;,&quot;focal_length&quot;:&quot;0&quot;,&quot;iso&quot;:&quot;0&quot;,&quot;shutter_speed&quot;:&quot;0&quot;,&quot;title&quot;:&quot;&quot;,&quot;orientation&quot;:&quot;0&quot;}\" data-image-title=\"MontaineRomain-2535\" data-image-description=\"\" data-image-caption=\"\" data-large-file=\"https:\/\/www.focusart.fr\/wp-content\/uploads\/2023\/05\/MontaineRomain-2535-683x1024.jpg\" data-id=\"2143\" src=\"https:\/\/www.focusart.fr\/wp-content\/uploads\/2023\/05\/MontaineRomain-2535-683x1024.jpg\" alt=\"\" class=\"wp-image-2143\" srcset=\"https:\/\/www.focusart.fr\/wp-content\/uploads\/2023\/05\/MontaineRomain-2535-683x1024.jpg 683w, https:\/\/www.focusart.fr\/wp-content\/uploads\/2023\/05\/MontaineRomain-2535-200x300.jpg 200w, https:\/\/www.focusart.fr\/wp-content\/uploads\/2023\/05\/MontaineRomain-2535-768x1152.jpg 768w, https:\/\/www.focusart.fr\/wp-content\/uploads\/2023\/05\/MontaineRomain-2535-1024x1536.jpg 1024w, https:\/\/www.focusart.fr\/wp-content\/uploads\/2023\/05\/MontaineRomain-2535-1365x2048.jpg 1365w, https:\/\/www.focusart.fr\/wp-content\/uploads\/2023\/05\/MontaineRomain-2535-scaled.jpg 1707w\" sizes=\"auto, (max-width: 683px) 100vw, 683px\" \/><\/figure>\n\n\n\n<figure class=\"wp-block-image size-large\"><img loading=\"lazy\" decoding=\"async\" width=\"683\" height=\"1024\" data-attachment-id=\"2141\" data-permalink=\"https:\/\/www.focusart.fr\/?attachment_id=2141\" data-orig-file=\"https:\/\/www.focusart.fr\/wp-content\/uploads\/2023\/05\/MontaineRomain-2693-scaled.jpg\" data-orig-size=\"1707,2560\" data-comments-opened=\"1\" data-image-meta=\"{&quot;aperture&quot;:&quot;0&quot;,&quot;credit&quot;:&quot;&quot;,&quot;camera&quot;:&quot;&quot;,&quot;caption&quot;:&quot;&quot;,&quot;created_timestamp&quot;:&quot;0&quot;,&quot;copyright&quot;:&quot;&quot;,&quot;focal_length&quot;:&quot;0&quot;,&quot;iso&quot;:&quot;0&quot;,&quot;shutter_speed&quot;:&quot;0&quot;,&quot;title&quot;:&quot;&quot;,&quot;orientation&quot;:&quot;0&quot;}\" data-image-title=\"MontaineRomain-2693\" data-image-description=\"\" data-image-caption=\"\" data-large-file=\"https:\/\/www.focusart.fr\/wp-content\/uploads\/2023\/05\/MontaineRomain-2693-683x1024.jpg\" data-id=\"2141\" src=\"https:\/\/www.focusart.fr\/wp-content\/uploads\/2023\/05\/MontaineRomain-2693-683x1024.jpg\" alt=\"\" class=\"wp-image-2141\" srcset=\"https:\/\/www.focusart.fr\/wp-content\/uploads\/2023\/05\/MontaineRomain-2693-683x1024.jpg 683w, https:\/\/www.focusart.fr\/wp-content\/uploads\/2023\/05\/MontaineRomain-2693-200x300.jpg 200w, https:\/\/www.focusart.fr\/wp-content\/uploads\/2023\/05\/MontaineRomain-2693-768x1152.jpg 768w, https:\/\/www.focusart.fr\/wp-content\/uploads\/2023\/05\/MontaineRomain-2693-1024x1536.jpg 1024w, https:\/\/www.focusart.fr\/wp-content\/uploads\/2023\/05\/MontaineRomain-2693-1365x2048.jpg 1365w, https:\/\/www.focusart.fr\/wp-content\/uploads\/2023\/05\/MontaineRomain-2693-scaled.jpg 1707w\" sizes=\"auto, (max-width: 683px) 100vw, 683px\" \/><\/figure>\n\n\n\n<figure class=\"wp-block-image size-large\"><img loading=\"lazy\" decoding=\"async\" width=\"683\" height=\"1024\" data-attachment-id=\"2144\" data-permalink=\"https:\/\/www.focusart.fr\/?attachment_id=2144\" data-orig-file=\"https:\/\/www.focusart.fr\/wp-content\/uploads\/2023\/05\/MontaineRomain-2740-scaled.jpg\" data-orig-size=\"1707,2560\" data-comments-opened=\"1\" data-image-meta=\"{&quot;aperture&quot;:&quot;0&quot;,&quot;credit&quot;:&quot;&quot;,&quot;camera&quot;:&quot;&quot;,&quot;caption&quot;:&quot;&quot;,&quot;created_timestamp&quot;:&quot;0&quot;,&quot;copyright&quot;:&quot;&quot;,&quot;focal_length&quot;:&quot;0&quot;,&quot;iso&quot;:&quot;0&quot;,&quot;shutter_speed&quot;:&quot;0&quot;,&quot;title&quot;:&quot;&quot;,&quot;orientation&quot;:&quot;0&quot;}\" data-image-title=\"MontaineRomain-2740\" data-image-description=\"\" data-image-caption=\"\" data-large-file=\"https:\/\/www.focusart.fr\/wp-content\/uploads\/2023\/05\/MontaineRomain-2740-683x1024.jpg\" data-id=\"2144\" src=\"https:\/\/www.focusart.fr\/wp-content\/uploads\/2023\/05\/MontaineRomain-2740-683x1024.jpg\" alt=\"\" class=\"wp-image-2144\" srcset=\"https:\/\/www.focusart.fr\/wp-content\/uploads\/2023\/05\/MontaineRomain-2740-683x1024.jpg 683w, https:\/\/www.focusart.fr\/wp-content\/uploads\/2023\/05\/MontaineRomain-2740-200x300.jpg 200w, https:\/\/www.focusart.fr\/wp-content\/uploads\/2023\/05\/MontaineRomain-2740-768x1152.jpg 768w, https:\/\/www.focusart.fr\/wp-content\/uploads\/2023\/05\/MontaineRomain-2740-1024x1536.jpg 1024w, https:\/\/www.focusart.fr\/wp-content\/uploads\/2023\/05\/MontaineRomain-2740-1365x2048.jpg 1365w, https:\/\/www.focusart.fr\/wp-content\/uploads\/2023\/05\/MontaineRomain-2740-scaled.jpg 1707w\" sizes=\"auto, (max-width: 683px) 100vw, 683px\" \/><\/figure>\n\n\n\n<figure class=\"wp-block-image size-large\"><img loading=\"lazy\" decoding=\"async\" width=\"683\" height=\"1024\" data-attachment-id=\"2142\" data-permalink=\"https:\/\/www.focusart.fr\/?attachment_id=2142\" data-orig-file=\"https:\/\/www.focusart.fr\/wp-content\/uploads\/2023\/05\/MontaineRomain-2792-scaled.jpg\" data-orig-size=\"1707,2560\" data-comments-opened=\"1\" data-image-meta=\"{&quot;aperture&quot;:&quot;0&quot;,&quot;credit&quot;:&quot;&quot;,&quot;camera&quot;:&quot;&quot;,&quot;caption&quot;:&quot;&quot;,&quot;created_timestamp&quot;:&quot;0&quot;,&quot;copyright&quot;:&quot;&quot;,&quot;focal_length&quot;:&quot;0&quot;,&quot;iso&quot;:&quot;0&quot;,&quot;shutter_speed&quot;:&quot;0&quot;,&quot;title&quot;:&quot;&quot;,&quot;orientation&quot;:&quot;0&quot;}\" data-image-title=\"MontaineRomain-2792\" data-image-description=\"\" data-image-caption=\"\" data-large-file=\"https:\/\/www.focusart.fr\/wp-content\/uploads\/2023\/05\/MontaineRomain-2792-683x1024.jpg\" data-id=\"2142\" src=\"https:\/\/www.focusart.fr\/wp-content\/uploads\/2023\/05\/MontaineRomain-2792-683x1024.jpg\" alt=\"\" class=\"wp-image-2142\" srcset=\"https:\/\/www.focusart.fr\/wp-content\/uploads\/2023\/05\/MontaineRomain-2792-683x1024.jpg 683w, https:\/\/www.focusart.fr\/wp-content\/uploads\/2023\/05\/MontaineRomain-2792-200x300.jpg 200w, https:\/\/www.focusart.fr\/wp-content\/uploads\/2023\/05\/MontaineRomain-2792-768x1152.jpg 768w, https:\/\/www.focusart.fr\/wp-content\/uploads\/2023\/05\/MontaineRomain-2792-1024x1536.jpg 1024w, https:\/\/www.focusart.fr\/wp-content\/uploads\/2023\/05\/MontaineRomain-2792-1365x2048.jpg 1365w, https:\/\/www.focusart.fr\/wp-content\/uploads\/2023\/05\/MontaineRomain-2792-scaled.jpg 1707w\" sizes=\"auto, (max-width: 683px) 100vw, 683px\" \/><\/figure>\n<\/figure>\n\n\n\n<p class=\"has-text-align-center has-small-font-size\"><em>Photos non libre de droits &#8211; publication avec l&rsquo;accord des personnes que je remercie<\/em><\/p>\n\n\n\n<p class=\"has-text-align-center\"><strong>Portraits studio int\u00e9rieur<\/strong><\/p>\n\n\n\n<figure class=\"wp-block-gallery has-nested-images columns-default is-cropped wp-block-gallery-2 is-layout-flex wp-block-gallery-is-layout-flex\">\n<figure class=\"wp-block-image size-large\"><img loading=\"lazy\" decoding=\"async\" width=\"1024\" height=\"1024\" data-attachment-id=\"2145\" data-permalink=\"https:\/\/www.focusart.fr\/?attachment_id=2145\" data-orig-file=\"https:\/\/www.focusart.fr\/wp-content\/uploads\/2023\/05\/IMG_9282-R-scaled.jpg\" data-orig-size=\"2560,2560\" data-comments-opened=\"1\" data-image-meta=\"{&quot;aperture&quot;:&quot;8&quot;,&quot;credit&quot;:&quot;&quot;,&quot;camera&quot;:&quot;Canon EOS 6D Mark II&quot;,&quot;caption&quot;:&quot;&quot;,&quot;created_timestamp&quot;:&quot;1674326094&quot;,&quot;copyright&quot;:&quot;&quot;,&quot;focal_length&quot;:&quot;59&quot;,&quot;iso&quot;:&quot;100&quot;,&quot;shutter_speed&quot;:&quot;0.00625&quot;,&quot;title&quot;:&quot;&quot;,&quot;orientation&quot;:&quot;1&quot;}\" data-image-title=\"IMG_9282-R\" data-image-description=\"\" data-image-caption=\"\" data-large-file=\"https:\/\/www.focusart.fr\/wp-content\/uploads\/2023\/05\/IMG_9282-R-1024x1024.jpg\" data-id=\"2145\" src=\"https:\/\/www.focusart.fr\/wp-content\/uploads\/2023\/05\/IMG_9282-R-1024x1024.jpg\" alt=\"\" class=\"wp-image-2145\" srcset=\"https:\/\/www.focusart.fr\/wp-content\/uploads\/2023\/05\/IMG_9282-R-1024x1024.jpg 1024w, https:\/\/www.focusart.fr\/wp-content\/uploads\/2023\/05\/IMG_9282-R-300x300.jpg 300w, https:\/\/www.focusart.fr\/wp-content\/uploads\/2023\/05\/IMG_9282-R-150x150.jpg 150w, https:\/\/www.focusart.fr\/wp-content\/uploads\/2023\/05\/IMG_9282-R-768x768.jpg 768w, https:\/\/www.focusart.fr\/wp-content\/uploads\/2023\/05\/IMG_9282-R-1536x1536.jpg 1536w, https:\/\/www.focusart.fr\/wp-content\/uploads\/2023\/05\/IMG_9282-R-2048x2048.jpg 2048w, https:\/\/www.focusart.fr\/wp-content\/uploads\/2023\/05\/IMG_9282-R-50x50.jpg 50w\" sizes=\"auto, (max-width: 1024px) 100vw, 1024px\" \/><\/figure>\n\n\n\n<figure class=\"wp-block-image size-large\"><img loading=\"lazy\" decoding=\"async\" width=\"683\" height=\"1024\" data-attachment-id=\"2147\" data-permalink=\"https:\/\/www.focusart.fr\/?attachment_id=2147\" data-orig-file=\"https:\/\/www.focusart.fr\/wp-content\/uploads\/2023\/05\/IMG_9290-R-scaled.jpg\" data-orig-size=\"1707,2560\" data-comments-opened=\"1\" data-image-meta=\"{&quot;aperture&quot;:&quot;8&quot;,&quot;credit&quot;:&quot;&quot;,&quot;camera&quot;:&quot;Canon EOS 6D Mark II&quot;,&quot;caption&quot;:&quot;&quot;,&quot;created_timestamp&quot;:&quot;1674326407&quot;,&quot;copyright&quot;:&quot;&quot;,&quot;focal_length&quot;:&quot;70&quot;,&quot;iso&quot;:&quot;100&quot;,&quot;shutter_speed&quot;:&quot;0.00625&quot;,&quot;title&quot;:&quot;&quot;,&quot;orientation&quot;:&quot;1&quot;}\" data-image-title=\"IMG_9290-R\" data-image-description=\"\" data-image-caption=\"\" data-large-file=\"https:\/\/www.focusart.fr\/wp-content\/uploads\/2023\/05\/IMG_9290-R-683x1024.jpg\" data-id=\"2147\" src=\"https:\/\/www.focusart.fr\/wp-content\/uploads\/2023\/05\/IMG_9290-R-683x1024.jpg\" alt=\"\" class=\"wp-image-2147\" srcset=\"https:\/\/www.focusart.fr\/wp-content\/uploads\/2023\/05\/IMG_9290-R-683x1024.jpg 683w, https:\/\/www.focusart.fr\/wp-content\/uploads\/2023\/05\/IMG_9290-R-200x300.jpg 200w, https:\/\/www.focusart.fr\/wp-content\/uploads\/2023\/05\/IMG_9290-R-768x1152.jpg 768w, https:\/\/www.focusart.fr\/wp-content\/uploads\/2023\/05\/IMG_9290-R-1024x1536.jpg 1024w, https:\/\/www.focusart.fr\/wp-content\/uploads\/2023\/05\/IMG_9290-R-1365x2048.jpg 1365w, https:\/\/www.focusart.fr\/wp-content\/uploads\/2023\/05\/IMG_9290-R-scaled.jpg 1707w\" sizes=\"auto, (max-width: 683px) 100vw, 683px\" \/><\/figure>\n\n\n\n<figure class=\"wp-block-image size-large\"><img loading=\"lazy\" decoding=\"async\" width=\"683\" height=\"1024\" data-attachment-id=\"2187\" data-permalink=\"https:\/\/www.focusart.fr\/?attachment_id=2187\" data-orig-file=\"https:\/\/www.focusart.fr\/wp-content\/uploads\/2023\/05\/IMG_9260-scaled.jpg\" data-orig-size=\"1707,2560\" data-comments-opened=\"1\" data-image-meta=\"{&quot;aperture&quot;:&quot;4&quot;,&quot;credit&quot;:&quot;&quot;,&quot;camera&quot;:&quot;Canon EOS 6D Mark II&quot;,&quot;caption&quot;:&quot;&quot;,&quot;created_timestamp&quot;:&quot;1674324620&quot;,&quot;copyright&quot;:&quot;&quot;,&quot;focal_length&quot;:&quot;70&quot;,&quot;iso&quot;:&quot;100&quot;,&quot;shutter_speed&quot;:&quot;0.00625&quot;,&quot;title&quot;:&quot;&quot;,&quot;orientation&quot;:&quot;0&quot;}\" data-image-title=\"IMG_9260\" data-image-description=\"\" data-image-caption=\"\" data-large-file=\"https:\/\/www.focusart.fr\/wp-content\/uploads\/2023\/05\/IMG_9260-683x1024.jpg\" data-id=\"2187\" src=\"https:\/\/www.focusart.fr\/wp-content\/uploads\/2023\/05\/IMG_9260-683x1024.jpg\" alt=\"\" class=\"wp-image-2187\" srcset=\"https:\/\/www.focusart.fr\/wp-content\/uploads\/2023\/05\/IMG_9260-683x1024.jpg 683w, https:\/\/www.focusart.fr\/wp-content\/uploads\/2023\/05\/IMG_9260-200x300.jpg 200w, https:\/\/www.focusart.fr\/wp-content\/uploads\/2023\/05\/IMG_9260-768x1152.jpg 768w, https:\/\/www.focusart.fr\/wp-content\/uploads\/2023\/05\/IMG_9260-1024x1536.jpg 1024w, https:\/\/www.focusart.fr\/wp-content\/uploads\/2023\/05\/IMG_9260-1365x2048.jpg 1365w, https:\/\/www.focusart.fr\/wp-content\/uploads\/2023\/05\/IMG_9260-scaled.jpg 1707w\" sizes=\"auto, (max-width: 683px) 100vw, 683px\" \/><\/figure>\n<\/figure>\n\n\n\n<p class=\"has-text-align-center has-small-font-size\"><em>Photos non libre de droits &#8211; publication avec l&rsquo;accord d&rsquo;Estelle et Julien que je remercie<\/em> (<a href=\"https:\/\/www.alphonsineboutique.com\">a<\/a><a rel=\"noreferrer noopener\" href=\"https:\/\/www.alphonsineboutique.com\" target=\"_blank\">lphonsineboutique.com<\/a>)<\/p>\n\n\n\n<p class=\"has-text-align-center\"><strong>Spectacle vivant<\/strong><\/p>\n\n\n\n<figure class=\"wp-block-gallery has-nested-images columns-default is-cropped wp-block-gallery-3 is-layout-flex wp-block-gallery-is-layout-flex\">\n<figure class=\"wp-block-image size-large\"><img loading=\"lazy\" decoding=\"async\" width=\"1024\" height=\"683\" data-attachment-id=\"1954\" data-permalink=\"https:\/\/www.focusart.fr\/?attachment_id=1954\" data-orig-file=\"https:\/\/www.focusart.fr\/wp-content\/uploads\/2022\/06\/IMG_0037.jpg\" data-orig-size=\"1200,800\" data-comments-opened=\"1\" data-image-meta=\"{&quot;aperture&quot;:&quot;0&quot;,&quot;credit&quot;:&quot;&quot;,&quot;camera&quot;:&quot;&quot;,&quot;caption&quot;:&quot;&quot;,&quot;created_timestamp&quot;:&quot;0&quot;,&quot;copyright&quot;:&quot;&quot;,&quot;focal_length&quot;:&quot;0&quot;,&quot;iso&quot;:&quot;0&quot;,&quot;shutter_speed&quot;:&quot;0&quot;,&quot;title&quot;:&quot;&quot;,&quot;orientation&quot;:&quot;0&quot;}\" data-image-title=\"IMG_0037\" data-image-description=\"\" data-image-caption=\"\" data-large-file=\"https:\/\/www.focusart.fr\/wp-content\/uploads\/2022\/06\/IMG_0037-1024x683.jpg\" data-id=\"1954\" src=\"https:\/\/www.focusart.fr\/wp-content\/uploads\/2022\/06\/IMG_0037-1024x683.jpg\" alt=\"\" class=\"wp-image-1954\" srcset=\"https:\/\/www.focusart.fr\/wp-content\/uploads\/2022\/06\/IMG_0037-1024x683.jpg 1024w, https:\/\/www.focusart.fr\/wp-content\/uploads\/2022\/06\/IMG_0037-300x200.jpg 300w, https:\/\/www.focusart.fr\/wp-content\/uploads\/2022\/06\/IMG_0037-768x512.jpg 768w, https:\/\/www.focusart.fr\/wp-content\/uploads\/2022\/06\/IMG_0037.jpg 1200w\" sizes=\"auto, (max-width: 1024px) 100vw, 1024px\" \/><\/figure>\n\n\n\n<figure class=\"wp-block-image size-large\"><img loading=\"lazy\" decoding=\"async\" width=\"1024\" height=\"683\" data-attachment-id=\"1957\" data-permalink=\"https:\/\/www.focusart.fr\/?attachment_id=1957\" data-orig-file=\"https:\/\/www.focusart.fr\/wp-content\/uploads\/2022\/06\/IMG_2985.jpg\" data-orig-size=\"1200,800\" data-comments-opened=\"1\" data-image-meta=\"{&quot;aperture&quot;:&quot;0&quot;,&quot;credit&quot;:&quot;&quot;,&quot;camera&quot;:&quot;&quot;,&quot;caption&quot;:&quot;&quot;,&quot;created_timestamp&quot;:&quot;0&quot;,&quot;copyright&quot;:&quot;&quot;,&quot;focal_length&quot;:&quot;0&quot;,&quot;iso&quot;:&quot;0&quot;,&quot;shutter_speed&quot;:&quot;0&quot;,&quot;title&quot;:&quot;&quot;,&quot;orientation&quot;:&quot;0&quot;}\" data-image-title=\"IMG_2985\" data-image-description=\"\" data-image-caption=\"\" data-large-file=\"https:\/\/www.focusart.fr\/wp-content\/uploads\/2022\/06\/IMG_2985-1024x683.jpg\" data-id=\"1957\" src=\"https:\/\/www.focusart.fr\/wp-content\/uploads\/2022\/06\/IMG_2985-1024x683.jpg\" alt=\"\" class=\"wp-image-1957\" srcset=\"https:\/\/www.focusart.fr\/wp-content\/uploads\/2022\/06\/IMG_2985-1024x683.jpg 1024w, https:\/\/www.focusart.fr\/wp-content\/uploads\/2022\/06\/IMG_2985-300x200.jpg 300w, https:\/\/www.focusart.fr\/wp-content\/uploads\/2022\/06\/IMG_2985-768x512.jpg 768w, https:\/\/www.focusart.fr\/wp-content\/uploads\/2022\/06\/IMG_2985.jpg 1200w\" sizes=\"auto, (max-width: 1024px) 100vw, 1024px\" \/><\/figure>\n\n\n\n<figure class=\"wp-block-image size-large\"><img loading=\"lazy\" decoding=\"async\" width=\"1024\" height=\"683\" data-attachment-id=\"1956\" data-permalink=\"https:\/\/www.focusart.fr\/?attachment_id=1956\" data-orig-file=\"https:\/\/www.focusart.fr\/wp-content\/uploads\/2022\/06\/IMG_0225.jpg\" data-orig-size=\"1200,800\" data-comments-opened=\"1\" data-image-meta=\"{&quot;aperture&quot;:&quot;0&quot;,&quot;credit&quot;:&quot;&quot;,&quot;camera&quot;:&quot;&quot;,&quot;caption&quot;:&quot;&quot;,&quot;created_timestamp&quot;:&quot;0&quot;,&quot;copyright&quot;:&quot;&quot;,&quot;focal_length&quot;:&quot;0&quot;,&quot;iso&quot;:&quot;0&quot;,&quot;shutter_speed&quot;:&quot;0&quot;,&quot;title&quot;:&quot;&quot;,&quot;orientation&quot;:&quot;0&quot;}\" data-image-title=\"IMG_0225\" data-image-description=\"\" data-image-caption=\"\" data-large-file=\"https:\/\/www.focusart.fr\/wp-content\/uploads\/2022\/06\/IMG_0225-1024x683.jpg\" data-id=\"1956\" src=\"https:\/\/www.focusart.fr\/wp-content\/uploads\/2022\/06\/IMG_0225-1024x683.jpg\" alt=\"\" class=\"wp-image-1956\" srcset=\"https:\/\/www.focusart.fr\/wp-content\/uploads\/2022\/06\/IMG_0225-1024x683.jpg 1024w, https:\/\/www.focusart.fr\/wp-content\/uploads\/2022\/06\/IMG_0225-300x200.jpg 300w, https:\/\/www.focusart.fr\/wp-content\/uploads\/2022\/06\/IMG_0225-768x512.jpg 768w, https:\/\/www.focusart.fr\/wp-content\/uploads\/2022\/06\/IMG_0225.jpg 1200w\" sizes=\"auto, (max-width: 1024px) 100vw, 1024px\" \/><\/figure>\n\n\n\n<figure class=\"wp-block-image size-large\"><img loading=\"lazy\" decoding=\"async\" width=\"1024\" height=\"1024\" data-attachment-id=\"1809\" data-permalink=\"https:\/\/www.focusart.fr\/?attachment_id=1809\" data-orig-file=\"https:\/\/www.focusart.fr\/wp-content\/uploads\/2021\/10\/IMG_9295-scaled.jpg\" data-orig-size=\"2560,2560\" data-comments-opened=\"1\" data-image-meta=\"{&quot;aperture&quot;:&quot;2.8&quot;,&quot;credit&quot;:&quot;&quot;,&quot;camera&quot;:&quot;Canon EOS 6D Mark II&quot;,&quot;caption&quot;:&quot;&quot;,&quot;created_timestamp&quot;:&quot;1633816245&quot;,&quot;copyright&quot;:&quot;&quot;,&quot;focal_length&quot;:&quot;200&quot;,&quot;iso&quot;:&quot;5000&quot;,&quot;shutter_speed&quot;:&quot;0.00625&quot;,&quot;title&quot;:&quot;&quot;,&quot;orientation&quot;:&quot;0&quot;}\" data-image-title=\"IMG_9295\" data-image-description=\"\" data-image-caption=\"\" data-large-file=\"https:\/\/www.focusart.fr\/wp-content\/uploads\/2021\/10\/IMG_9295-1024x1024.jpg\" data-id=\"1809\" src=\"https:\/\/www.focusart.fr\/wp-content\/uploads\/2021\/10\/IMG_9295-1024x1024.jpg\" alt=\"\" class=\"wp-image-1809\" srcset=\"https:\/\/www.focusart.fr\/wp-content\/uploads\/2021\/10\/IMG_9295-1024x1024.jpg 1024w, https:\/\/www.focusart.fr\/wp-content\/uploads\/2021\/10\/IMG_9295-300x300.jpg 300w, https:\/\/www.focusart.fr\/wp-content\/uploads\/2021\/10\/IMG_9295-150x150.jpg 150w, https:\/\/www.focusart.fr\/wp-content\/uploads\/2021\/10\/IMG_9295-768x768.jpg 768w, https:\/\/www.focusart.fr\/wp-content\/uploads\/2021\/10\/IMG_9295-1536x1536.jpg 1536w, https:\/\/www.focusart.fr\/wp-content\/uploads\/2021\/10\/IMG_9295-2048x2048.jpg 2048w, https:\/\/www.focusart.fr\/wp-content\/uploads\/2021\/10\/IMG_9295-50x50.jpg 50w\" sizes=\"auto, (max-width: 1024px) 100vw, 1024px\" \/><\/figure>\n<\/figure>\n\n\n\n<p class=\"has-text-align-center has-small-font-size\"><em>Photos non libre de droits &#8211; publication avec l&rsquo;accord des acteurs que je remercie<\/em><br><\/p>\n\n\n\n<p>Si vous souhaitez r\u00e9aliser vos photos sur une th\u00e9matique particuli\u00e8re, n&rsquo;h\u00e9sitez pas \u00e0 en discuter avec moi. Ce sera avec plaisir que je vous aiderai \u00e0 trouver les d\u00e9tails qui vous procureront des images au plus proche de ce que vous avez imagin\u00e9.<br>Si vous n&rsquo;avez pas d&rsquo;id\u00e9es particuli\u00e8res pour votre s\u00e9ance, que c&rsquo;est la premi\u00e8re fois que vous r\u00e9alisez des photos avec un professionnel, je suis l\u00e0 pour vous aider et vous guider afin d&rsquo;obtenir des clich\u00e9s qui vous ressemblent !<\/p>\n\n\n\n<p>A titre indicatif, voici quelques exemples<\/p>\n\n\n\n<p><strong>S\u00e9ance de 45 minutes &#8211; 95\u20ac &#8211; 7 photos HD remises au format num\u00e9rique<\/strong><br>Formule id\u00e9ale pour une s\u00e9ance portrait \u00e0 votre domicile<\/p>\n\n\n\n<p><strong>S\u00e9ance de 1h30 &#8211; 150\u20ac &#8211; 15 photos HD<strong> remises au format num\u00e9rique<\/strong><\/strong><br>Formule id\u00e9ale pour un shooting couple, famille \u00e0 votre domicile ou en ext\u00e9rieur<\/p>\n\n\n\n<p><strong>S\u00e9ance de 3h 270\u20ac &#8211; 25 photos HD <strong>remises au format num\u00e9rique<\/strong><\/strong><br>Formule id\u00e9ale pour vos \u00e9v\u00e9nements dans votre lieu de r\u00e9ception, en ext\u00e9rieur ou \u00e0 votre domicile<\/p>\n\n\n\n<p><strong>D\u00e9placement<\/strong><br>Forfait de 40 kilom\u00e8tres au d\u00e9part d&rsquo;Obernai inclus dans le prix de la s\u00e9ance, puis 0,5\u20ac\/km au-del\u00e0 + frais p\u00e9age et parking le cas \u00e9ch\u00e9ant.<\/p>\n\n\n\n<p><\/p>\n\n\n\n<p>Les prix indiqu\u00e9s se d\u00e9composent en deux temps : la prise de vue et la retouche photo.<\/p>\n\n\n\n<p>Ils comprennent : <br>&#8211; la pr\u00e9paration du shooting, <br>&#8211; la prise de contact pour r\u00e9pondre \u00e0 vos questions et d\u00e9finir vos attentes, <br>&#8211; l&rsquo;installation du mat\u00e9riel, <br>&#8211; les prises de vues, <br>&#8211; la mise \u00e0 disposition d&rsquo;une premi\u00e8re s\u00e9lection pour vous permettre de faire votre choix de photos, <br>&#8211; les retouches et l&rsquo;envoi de vos photos trait\u00e9es, en format HD num\u00e9rique.<\/p>\n\n\n\n<p>Chaque photo est trait\u00e9e, avec de nombreux param\u00e8tres ajust\u00e9s. Tout est mis en \u0153uvre pour que les sujets soient mis en valeur.<\/p>\n\n\n\n<p><\/p>\n\n\n\n<p>N&rsquo;h\u00e9sitez pas \u00e0 me pr\u00e9senter votre projet via le formulaire de <a href=\"https:\/\/www.focusart.fr\/?page_id=1103\">CONTACT<\/a>.<br><\/p>\n","protected":false},"excerpt":{"rendered":"<p>Tr\u00e8s \u00e0 l&rsquo;\u00e9coute, je m&rsquo;adapte \u00e0 vos envies en vous proposant mes services en tant que photographe dans les domaines&hellip; <\/p>\n","protected":false},"author":1,"featured_media":0,"parent":0,"menu_order":0,"comment_status":"closed","ping_status":"closed","template":"","meta":{"footnotes":""},"class_list":["post-2063","page","type-page","status-publish","hentry"],"jetpack_sharing_enabled":true,"_links":{"self":[{"href":"https:\/\/www.focusart.fr\/index.php?rest_route=\/wp\/v2\/pages\/2063","targetHints":{"allow":["GET"]}}],"collection":[{"href":"https:\/\/www.focusart.fr\/index.php?rest_route=\/wp\/v2\/pages"}],"about":[{"href":"https:\/\/www.focusart.fr\/index.php?rest_route=\/wp\/v2\/types\/page"}],"author":[{"embeddable":true,"href":"https:\/\/www.focusart.fr\/index.php?rest_route=\/wp\/v2\/users\/1"}],"replies":[{"embeddable":true,"href":"https:\/\/www.focusart.fr\/index.php?rest_route=%2Fwp%2Fv2%2Fcomments&post=2063"}],"version-history":[{"count":36,"href":"https:\/\/www.focusart.fr\/index.php?rest_route=\/wp\/v2\/pages\/2063\/revisions"}],"predecessor-version":[{"id":2208,"href":"https:\/\/www.focusart.fr\/index.php?rest_route=\/wp\/v2\/pages\/2063\/revisions\/2208"}],"wp:attachment":[{"href":"https:\/\/www.focusart.fr\/index.php?rest_route=%2Fwp%2Fv2%2Fmedia&parent=2063"}],"curies":[{"name":"wp","href":"https:\/\/api.w.org\/{rel}","templated":true}]}}